{"id":1114,"date":"2023-07-24T10:05:09","date_gmt":"2023-07-24T10:05:09","guid":{"rendered":"https:\/\/outlet.getonnet.dev\/?page_id=1114"},"modified":"2023-10-16T05:19:24","modified_gmt":"2023-10-16T05:19:24","slug":"financing","status":"publish","type":"page","link":"https:\/\/outletcars.gmbh\/de\/finanzierung\/","title":{"rendered":"Finanzierung"},"content":{"rendered":"<div data-elementor-type=\"wp-page\" data-elementor-id=\"1114\" class=\"elementor elementor-1114\" data-elementor-post-type=\"page\">\n\t\t\t\t<div class=\"elementor-element elementor-element-671d211d e-flex e-con-boxed e-con e-parent\" data-id=\"671d211d\" data-element_type=\"container\" data-e-type=\"container\" data-settings=\"{&quot;background_background&quot;:&quot;classic&quot;,&quot;jet_parallax_layout_list&quot;:[]}\">\n\t\t\t\t\t<div class=\"e-con-inner\">\n\t\t<div class=\"elementor-element elementor-element-2b9693a5 e-flex e-con-boxed e-con e-child\" data-id=\"2b9693a5\" data-element_type=\"container\" data-e-type=\"container\" data-settings=\"{&quot;jet_parallax_layout_list&quot;:[]}\">\n\t\t\t\t\t<div class=\"e-con-inner\">\n\t\t<div class=\"elementor-element elementor-element-7fd4889b e-con-full e-flex e-con e-child\" data-id=\"7fd4889b\" data-element_type=\"container\" data-e-type=\"container\" data-settings=\"{&quot;jet_parallax_layout_list&quot;:[]}\">\n\t\t\t\t<div class=\"elementor-element elementor-element-64d2e530 elementor-widget elementor-widget-heading\" data-id=\"64d2e530\" data-element_type=\"widget\" data-e-type=\"widget\" data-widget_type=\"heading.default\">\n\t\t\t\t<div class=\"elementor-widget-container\">\n\t\t\t\t\t<h1 class=\"elementor-heading-title elementor-size-default\">Sichern Sie sich die Finanzierung Ihres Autokaufs noch heute!<\/h1>\t\t\t\t<\/div>\n\t\t\t\t<\/div>\n\t\t\t\t<div class=\"elementor-element elementor-element-7ad1d442 elementor-widget elementor-widget-text-editor\" data-id=\"7ad1d442\" data-element_type=\"widget\" data-e-type=\"widget\" data-widget_type=\"text-editor.default\">\n\t\t\t\t<div class=\"elementor-widget-container\">\n\t\t\t\t\t\t\t\t\tMit dem ausgezeichneten Autokredit von Santander finanzieren Sie jetzt das Auto Ihrer Tr\u00e4ume. Transparente Gesch\u00e4ftsbedingungen, g\u00fcnstige Konditionen und ein Maximum an Flexibilit\u00e4t sind dabei nat\u00fcrlich inkludiert. Auf uns k\u00f6nnen Sie sich bei der Finanzierung Ihres Traumautos verlassen. Wir bleiben unserer Unternehmensphilosophie treu und bieten Ihnen den gr\u00f6\u00dftm\u00f6glichen Komfort, indem wir niederschwellig zug\u00e4ngliche und vertrauensw\u00fcrdige Finanzierungsoptionen f\u00fcr Sie bereithalten.\t\t\t\t\t\t\t\t<\/div>\n\t\t\t\t<\/div>\n\t\t\t\t<div class=\"elementor-element elementor-element-60eb583 elementor-widget elementor-widget-text-editor\" data-id=\"60eb583\" data-element_type=\"widget\" data-e-type=\"widget\" data-widget_type=\"text-editor.default\">\n\t\t\t\t<div class=\"elementor-widget-container\">\n\t\t\t\t\t\t\t\t\tSie haben in unserer umfangreichen Fahrzeugliste Ihr Traumauto entdeckt und suchen nun nach kosteng\u00fcnstigen M\u00f6glichkeiten zur Finanzierung? Als vertrauensw\u00fcrdiger Autoh\u00e4ndler arbeitet die Outlet Cars Deutschland GmbH bereits seit langem mit Santander zusammen. Wir freuen uns daher, dass wir Ihnen beim Kauf Ihres Gebrauchtwagens au\u00dferordentlich g\u00fcnstige und attraktive Finanzierungsmodelle anbieten k\u00f6nnen.\t\t\t\t\t\t\t\t<\/div>\n\t\t\t\t<\/div>\n\t\t\t\t<div class=\"elementor-element elementor-element-67cf7d3 elementor-widget elementor-widget-text-editor\" data-id=\"67cf7d3\" data-element_type=\"widget\" data-e-type=\"widget\" data-widget_type=\"text-editor.default\">\n\t\t\t\t<div class=\"elementor-widget-container\">\n\t\t\t\t\t\t\t\t\tUnsere Mitarbeiterinnen und Mitarbeiter sowie die Kolleginnen und Kollegen unserer Partner-Bank k\u00fcmmern sich zeitnah um Ihr Anliegen. Gemeinsam sorgen wir f\u00fcr die schnellstm\u00f6gliche Bearbeitung Ihres Kreditantrages und informieren Sie unmittelbar \u00fcber die Kreditentscheidung. So kaufen Sie das Fahrzeug Ihrer Tr\u00e4ume im Falle einer Kreditgew\u00e4hrung so schnell wie m\u00f6glich.\t\t\t\t\t\t\t\t<\/div>\n\t\t\t\t<\/div>\n\t\t\t\t<div class=\"elementor-element elementor-element-5943316 elementor-widget elementor-widget-text-editor\" data-id=\"5943316\" data-element_type=\"widget\" data-e-type=\"widget\" data-widget_type=\"text-editor.default\">\n\t\t\t\t<div class=\"elementor-widget-container\">\n\t\t\t\t\t\t\t\t\tDie Outlet Cars Deutschland GmbH bietet Ihnen nicht nur Autos zu g\u00fcnstigen Konditionen, sondern in Kooperation mit der Partner-Bank Santander auch attraktive Kredite zu erstklassigen Rahmenbedingungen. Wie in anderen Belangen spielt der Faktor Transparenz hierbei f\u00fcr uns eine besonders wichtige Rolle. \u00dcber Ihre Kreditraten und unsere Gesch\u00e4ftsbedingungen im Falle einer Finanzierung mittels Autokredit informieren wir Sie stets transparent.\t\t\t\t\t\t\t\t<\/div>\n\t\t\t\t<\/div>\n\t\t\t\t<\/div>\n\t\t<div class=\"elementor-element elementor-element-ba18ac1 e-con-full e-flex e-con e-child\" data-id=\"ba18ac1\" data-element_type=\"container\" data-e-type=\"container\" data-settings=\"{&quot;jet_parallax_layout_list&quot;:[]}\">\n\t\t\t\t<div class=\"elementor-element elementor-element-75ff7410 elementor-widget elementor-widget-image\" data-id=\"75ff7410\" data-element_type=\"widget\" data-e-type=\"widget\" data-widget_type=\"image.default\">\n\t\t\t\t<div class=\"elementor-widget-container\">\n\t\t\t\t\t\t\t\t\t\t\t\t\t\t\t<img fetchpriority=\"high\" decoding=\"async\" width=\"595\" height=\"490\" src=\"https:\/\/outletcars.gmbh\/wp-content\/uploads\/2023\/08\/why-us-image.png\" class=\"attachment-full size-full wp-image-1396\" alt=\"\" srcset=\"https:\/\/outletcars.gmbh\/wp-content\/uploads\/2023\/08\/why-us-image.png 595w, https:\/\/outletcars.gmbh\/wp-content\/uploads\/2023\/08\/why-us-image-300x247.png 300w, https:\/\/outletcars.gmbh\/wp-content\/uploads\/2023\/08\/why-us-image-15x12.png 15w\" sizes=\"(max-width: 595px) 100vw, 595px\" \/>\t\t\t\t\t\t\t\t\t\t\t\t\t\t\t<\/div>\n\t\t\t\t<\/div>\n\t\t\t\t<\/div>\n\t\t\t\t\t<\/div>\n\t\t\t\t<\/div>\n\t\t\t\t\t<\/div>\n\t\t\t\t<\/div>\n\t\t<div class=\"elementor-element elementor-element-416fa432 e-flex e-con-boxed e-con e-parent\" data-id=\"416fa432\" data-element_type=\"container\" data-e-type=\"container\" data-settings=\"{&quot;jet_parallax_layout_list&quot;:[]}\">\n\t\t\t\t\t<div class=\"e-con-inner\">\n\t\t<div class=\"elementor-element elementor-element-5b1f2ddf e-flex e-con-boxed e-con e-child\" data-id=\"5b1f2ddf\" data-element_type=\"container\" data-e-type=\"container\" data-settings=\"{&quot;jet_parallax_layout_list&quot;:[]}\">\n\t\t\t\t\t<div class=\"e-con-inner\">\n\t\t\t\t<div class=\"elementor-element elementor-element-7815046c elementor-widget elementor-widget-heading\" data-id=\"7815046c\" data-element_type=\"widget\" data-e-type=\"widget\" data-widget_type=\"heading.default\">\n\t\t\t\t<div class=\"elementor-widget-container\">\n\t\t\t\t\t<h2 class=\"elementor-heading-title elementor-size-default\">Schnelle Kreditentscheidung, schnelle Bearbeitung und schnelle Auszahlung<\/h2>\t\t\t\t<\/div>\n\t\t\t\t<\/div>\n\t\t\t\t\t<\/div>\n\t\t\t\t<\/div>\n\t\t<div class=\"elementor-element elementor-element-140c2383 e-flex e-con-boxed e-con e-child\" data-id=\"140c2383\" data-element_type=\"container\" data-e-type=\"container\" data-settings=\"{&quot;jet_parallax_layout_list&quot;:[]}\">\n\t\t\t\t\t<div class=\"e-con-inner\">\n\t\t\t\t<div class=\"elementor-element elementor-element-2b31ff99 elementor-widget elementor-widget-text-editor\" data-id=\"2b31ff99\" data-element_type=\"widget\" data-e-type=\"widget\" data-widget_type=\"text-editor.default\">\n\t\t\t\t<div class=\"elementor-widget-container\">\n\t\t\t\t\t\t\t\t\tBeim Autokauf wollen Sie nat\u00fcrlich keine Zeit verlieren und das m\u00fcssen Sie auch gar nicht. Denn die Finanzierung Ihres Traumfahrzeugs durch einen attraktiven Autokredit l\u00e4sst sich bei der Outlet Cars Deutschland GmbH rasch abwickeln. Dank unseres komfortablen Online-Verfahrens haben Sie keine Verz\u00f6gerungen beim Direktkauf Ihres neuen Autos zu bef\u00fcrchten.\t\t\t\t\t\t\t\t<\/div>\n\t\t\t\t<\/div>\n\t\t\t\t<div class=\"elementor-element elementor-element-f29076b elementor-widget elementor-widget-text-editor\" data-id=\"f29076b\" data-element_type=\"widget\" data-e-type=\"widget\" data-widget_type=\"text-editor.default\">\n\t\t\t\t<div class=\"elementor-widget-container\">\n\t\t\t\t\t\t\t\t\tWas die Finanzierung von Traumautos anbelangt, verf\u00fcgen wir bei Outlet Cars und Santander mit Tausenden verkauften Fahrzeugen \u00fcber eine langj\u00e4hrige Erfahrung. Deshalb wissen wir, worauf es bei der Pr\u00fcfung Ihres Kreditantrags ankommt, und k\u00fcmmern uns sofort um die Bearbeitung. Unsere Spezialistinnen und Spezialisten f\u00fcr Finanzierung garantieren eine rasche Kreditentscheidung sowie eine ebenso schnelle und unkomplizierte Abwicklung des gesamten Verfahrens.\t\t\t\t\t\t\t\t<\/div>\n\t\t\t\t<\/div>\n\t\t\t\t<div class=\"elementor-element elementor-element-7dc1f21 elementor-widget elementor-widget-text-editor\" data-id=\"7dc1f21\" data-element_type=\"widget\" data-e-type=\"widget\" data-widget_type=\"text-editor.default\">\n\t\t\t\t<div class=\"elementor-widget-container\">\n\t\t\t\t\t\t\t\t\tGleicherma\u00dfen reibungslos geht es nach der erfolgreichen Gew\u00e4hrung Ihres Autokredits weiter: Unser optimierter und schlanker Online-Prozess macht anschlie\u00dfend die Auszahlung Ihres Kredits innerhalb von 24 Stunden m\u00f6glich. Auf diese Weise gestaltet sich der Online-Autokauf f\u00fcr Sie maximal komfortabel und unkompliziert.\t\t\t\t\t\t\t\t<\/div>\n\t\t\t\t<\/div>\n\t\t\t\t<div class=\"elementor-element elementor-element-2fca065 elementor-widget elementor-widget-text-editor\" data-id=\"2fca065\" data-element_type=\"widget\" data-e-type=\"widget\" data-widget_type=\"text-editor.default\">\n\t\t\t\t<div class=\"elementor-widget-container\">\n\t\t\t\t\t\t\t\t\t<p>Als Outlet Cars Deutschland GmbH verfolgen wir das Ziel, Ihnen einen seri\u00f6sen, schnellen und stressfreien Kauf zu erm\u00f6glichen. Die zeitnahe und reibungslose Bearbeitung Ihres Kreditantrags sowie die rasche Bereitstellung von Autokrediten sind wesentlicher Bestandteil des komfortablen Kauferlebnisses, das Outlet Cars seinen Kundinnen und Kunden bietet.<\/p>\t\t\t\t\t\t\t\t<\/div>\n\t\t\t\t<\/div>\n\t\t\t\t\t<\/div>\n\t\t\t\t<\/div>\n\t\t\t\t\t<\/div>\n\t\t\t\t<\/div>\n\t\t<div class=\"elementor-element elementor-element-23647624 e-flex e-con-boxed e-con e-parent\" data-id=\"23647624\" data-element_type=\"container\" data-e-type=\"container\" data-settings=\"{&quot;jet_parallax_layout_list&quot;:[]}\">\n\t\t\t\t\t<div class=\"e-con-inner\">\n\t\t<div class=\"elementor-element elementor-element-177038d0 e-flex e-con-boxed e-con e-child\" data-id=\"177038d0\" data-element_type=\"container\" data-e-type=\"container\" data-settings=\"{&quot;background_background&quot;:&quot;classic&quot;,&quot;jet_parallax_layout_list&quot;:[]}\">\n\t\t\t\t\t<div class=\"e-con-inner\">\n\t\t<div class=\"elementor-element elementor-element-2064f57c e-con-full e-flex e-con e-child\" data-id=\"2064f57c\" data-element_type=\"container\" data-e-type=\"container\" data-settings=\"{&quot;background_background&quot;:&quot;classic&quot;,&quot;jet_parallax_layout_list&quot;:[]}\">\n\t\t\t\t<\/div>\n\t\t<div class=\"elementor-element elementor-element-2dc01f29 e-con-full e-flex e-con e-child\" data-id=\"2dc01f29\" data-element_type=\"container\" data-e-type=\"container\" data-settings=\"{&quot;jet_parallax_layout_list&quot;:[]}\">\n\t\t\t\t<div class=\"elementor-element elementor-element-23e2d343 elementor-widget elementor-widget-image\" data-id=\"23e2d343\" data-element_type=\"widget\" data-e-type=\"widget\" data-widget_type=\"image.default\">\n\t\t\t\t<div class=\"elementor-widget-container\">\n\t\t\t\t\t\t\t\t\t\t\t\t\t\t\t<img decoding=\"async\" width=\"1200\" height=\"800\" src=\"https:\/\/outletcars.gmbh\/wp-content\/uploads\/2023\/08\/portrait-of-happy-customer-buying-new-car.jpg\" class=\"attachment-full size-full wp-image-1544\" alt=\"\" srcset=\"https:\/\/outletcars.gmbh\/wp-content\/uploads\/2023\/08\/portrait-of-happy-customer-buying-new-car.jpg 1200w, https:\/\/outletcars.gmbh\/wp-content\/uploads\/2023\/08\/portrait-of-happy-customer-buying-new-car-300x200.jpg 300w, https:\/\/outletcars.gmbh\/wp-content\/uploads\/2023\/08\/portrait-of-happy-customer-buying-new-car-1024x683.jpg 1024w, https:\/\/outletcars.gmbh\/wp-content\/uploads\/2023\/08\/portrait-of-happy-customer-buying-new-car-768x512.jpg 768w, https:\/\/outletcars.gmbh\/wp-content\/uploads\/2023\/08\/portrait-of-happy-customer-buying-new-car-18x12.jpg 18w\" sizes=\"(max-width: 1200px) 100vw, 1200px\" \/>\t\t\t\t\t\t\t\t\t\t\t\t\t\t\t<\/div>\n\t\t\t\t<\/div>\n\t\t\t\t<\/div>\n\t\t\t\t\t<\/div>\n\t\t\t\t<\/div>\n\t\t\t\t\t<\/div>\n\t\t\t\t<\/div>\n\t\t<div class=\"elementor-element elementor-element-19c7b82c e-flex e-con-boxed e-con e-parent\" data-id=\"19c7b82c\" data-element_type=\"container\" data-e-type=\"container\" data-settings=\"{&quot;jet_parallax_layout_list&quot;:[]}\">\n\t\t\t\t\t<div class=\"e-con-inner\">\n\t\t<div class=\"elementor-element elementor-element-6611ea3f e-flex e-con-boxed e-con e-child\" data-id=\"6611ea3f\" data-element_type=\"container\" data-e-type=\"container\" data-settings=\"{&quot;jet_parallax_layout_list&quot;:[]}\">\n\t\t\t\t\t<div class=\"e-con-inner\">\n\t\t\t\t<div class=\"elementor-element elementor-element-1dbbc92a elementor-widget elementor-widget-heading\" data-id=\"1dbbc92a\" data-element_type=\"widget\" data-e-type=\"widget\" data-widget_type=\"heading.default\">\n\t\t\t\t<div class=\"elementor-widget-container\">\n\t\t\t\t\t<h2 class=\"elementor-heading-title elementor-size-default\">Finanzieren Sie Ihr Auto so g\u00fcnstig wie m\u00f6glich \u2013 BudgetCredit mit Schlussrate\n<\/h2>\t\t\t\t<\/div>\n\t\t\t\t<\/div>\n\t\t\t\t<div class=\"elementor-element elementor-element-25f91238 elementor-widget elementor-widget-text-editor\" data-id=\"25f91238\" data-element_type=\"widget\" data-e-type=\"widget\" data-widget_type=\"text-editor.default\">\n\t\t\t\t<div class=\"elementor-widget-container\">\n\t\t\t\t\t\t\t\t\t<p>Egal, ob Sie einen Neuwagen oder ein gebrauchtes Auto kaufen wollen: Mit dem ausgezeichneten BudgetCredit mit Schlussrate von Santander finanzieren Sie Ihr Auto zu Top-Konditionen und haben gleichzeitig die freie Wahl.<\/p><p>Aber was bedeutet das eigentlich? Grunds\u00e4tzlich versteht man unter einer Finanzierung mit einer Schlussrate eine Form der Finanzierung, bei der am Ende der Vertragslaufzeit ein gr\u00f6\u00dferer Teilbetrag \u00fcbrigbleibt. Wie bei anderen Krediten leisten Sie als Autok\u00e4uferin oder Autok\u00e4ufer hierbei monatliche Zahlungen. Der Unterschied besteht allerdings darin, dass nach Ablauf der maximal f\u00fcnfj\u00e4hrigen Laufzeit ein Restbetrag f\u00e4llig wird. Dieser wird oft als \u201eBallon\u201c bezeichnet, weshalb die Begriffe \u201eBallonfinanzierung\u201c oder \u201eBallonkredit\u201c weit verbreitet sind.F\u00fcr Sie als Autok\u00e4uferin oder Autok\u00e4ufer h\u00e4lt diese Art der Finanzierung Ihres Autokaufs zwei gro\u00dfe Vorteile bereit<\/p><ul class=\"list list--nostyle list--icon\"><li>Die monatlichen Zahlungsraten fallen f\u00fcr gew\u00f6hnlich weitaus niedriger aus, als das bei Krediten ohne Schlussrate der Fall ist.<\/li><li>Sie entscheiden selbst, auf welche Weise Sie die Schlussrate begleichen m\u00f6chten.<\/li><\/ul>\t\t\t\t\t\t\t\t<\/div>\n\t\t\t\t<\/div>\n\t\t\t\t<div class=\"elementor-element elementor-element-7d34586 elementor-widget elementor-widget-text-editor\" data-id=\"7d34586\" data-element_type=\"widget\" data-e-type=\"widget\" data-widget_type=\"text-editor.default\">\n\t\t\t\t<div class=\"elementor-widget-container\">\n\t\t\t\t\t\t\t\t\tDie Finanzierung mittels BudgetCredit mit Schlussrate erm\u00f6glicht Ihnen also maximale Flexibilit\u00e4t und Entscheidungsfreiheit. Sie selbst legen die Laufzeit Ihres Vertrags fest. Bei Santander sind Kreditlaufzeiten zwischen 12 und 60 Monaten m\u00f6glich, wobei die meisten Vertr\u00e4ge \u00fcber zwei bis vier Jahre laufen. \u00dcber die H\u00f6he der monatlichen Zahlungsraten und der Schlussrate erhalten Sie von Anfang an transparente Informationen. So kommt es nach dem stressfreien Autokauf bei Outlet Cars Deutschland GmbH f\u00fcr Sie zu keinen b\u00f6sen \u00dcberraschungen.\t\t\t\t\t\t\t\t<\/div>\n\t\t\t\t<\/div>\n\t\t\t\t\t<\/div>\n\t\t\t\t<\/div>\n\t\t\t\t\t<\/div>\n\t\t\t\t<\/div>\n\t\t<div class=\"elementor-element elementor-element-35f30bb9 e-flex e-con-boxed e-con e-parent\" data-id=\"35f30bb9\" data-element_type=\"container\" data-e-type=\"container\" data-settings=\"{&quot;jet_parallax_layout_list&quot;:[]}\">\n\t\t\t\t\t<div class=\"e-con-inner\">\n\t\t<div class=\"elementor-element elementor-element-4a6d5513 e-flex e-con-boxed e-con e-child\" data-id=\"4a6d5513\" data-element_type=\"container\" data-e-type=\"container\" data-settings=\"{&quot;background_background&quot;:&quot;classic&quot;,&quot;jet_parallax_layout_list&quot;:[]}\">\n\t\t\t\t\t<div class=\"e-con-inner\">\n\t\t\t\t<div class=\"elementor-element elementor-element-19fcfccd elementor-widget elementor-widget-heading\" data-id=\"19fcfccd\" data-element_type=\"widget\" data-e-type=\"widget\" data-widget_type=\"heading.default\">\n\t\t\t\t<div class=\"elementor-widget-container\">\n\t\t\t\t\t<h2 class=\"elementor-heading-title elementor-size-default\">Sie m\u00f6chten mehr dar\u00fcber erfahren oder haben noch Fragen zur Finanzierung?<\/h2>\t\t\t\t<\/div>\n\t\t\t\t<\/div>\n\t\t\t\t<div class=\"elementor-element elementor-element-76559f4c elementor-widget elementor-widget-heading\" data-id=\"76559f4c\" data-element_type=\"widget\" data-e-type=\"widget\" data-widget_type=\"heading.default\">\n\t\t\t\t<div class=\"elementor-widget-container\">\n\t\t\t\t\t<h5 class=\"elementor-heading-title elementor-size-default\">Wir helfen Ihnen gerne weiter und freuen uns, Sie bei Fragen, Unklarheiten oder Schwierigkeiten umfassend zu beraten. Die Mitarbeiterinnen und Mitarbeiter unseres Kundenservice sind f\u00fcr Sie da und k\u00fcmmern sich um Ihr Anliegen.<\/h5>\t\t\t\t<\/div>\n\t\t\t\t<\/div>\n\t\t\t\t<div class=\"elementor-element elementor-element-63349644 elementor-widget elementor-widget-button\" data-id=\"63349644\" data-element_type=\"widget\" data-e-type=\"widget\" data-widget_type=\"button.default\">\n\t\t\t\t<div class=\"elementor-widget-container\">\n\t\t\t\t\t\t\t\t\t<div class=\"elementor-button-wrapper\">\n\t\t\t\t\t<a class=\"elementor-button elementor-button-link elementor-size-sm\" href=\"https:\/\/www.santander.de\/carcredit\/pkw\/?sanc=scb_sea&#038;uid=sem_bing_BC_CarCredit_KFZ-msclkid_3fce730097be132799fc17e5323985d5&#038;msclkid=3fce730097be132799fc17e5323985d5&#038;utm_source=bing&#038;utm_medium=cpc&#038;utm_campaign=BC_CarCredit&#038;utm_term=%2Bsantander%20%2Bkfz%20%2Bkredit&#038;utm_content=KFZ&#038;gclid=3fce730097be132799fc17e5323985d5&#038;gclsrc=3p.ds#\/\" target=\"_blank\" rel=\"noopener\">\n\t\t\t\t\t\t<span class=\"elementor-button-content-wrapper\">\n\t\t\t\t\t\t\t\t\t<span class=\"elementor-button-text\">Besuchen Sie Santander<\/span>\n\t\t\t\t\t<\/span>\n\t\t\t\t\t<\/a>\n\t\t\t\t<\/div>\n\t\t\t\t\t\t\t\t<\/div>\n\t\t\t\t<\/div>\n\t\t\t\t\t<\/div>\n\t\t\t\t<\/div>\n\t\t\t\t\t<\/div>\n\t\t\t\t<\/div>\n\t\t\t\t<\/div>","protected":false},"excerpt":{"rendered":"Secure financing for your car purchase today! With Santander&#8217;s excellent car loan you can now finance the car of your dreams. Transparent terms and conditions, favorable conditions and maximum flexibility are of course included. You can rely on us to finance your dream car. We remain true to our corporate philosophy and offer you the [&hellip;]","protected":false},"author":1,"featured_media":0,"parent":0,"menu_order":0,"comment_status":"closed","ping_status":"closed","template":"","meta":{"footnotes":""},"class_list":["post-1114","page","type-page","status-publish","hentry"],"_links":{"self":[{"href":"https:\/\/outletcars.gmbh\/de\/wp-json\/wp\/v2\/pages\/1114","targetHints":{"allow":["GET"]}}],"collection":[{"href":"https:\/\/outletcars.gmbh\/de\/wp-json\/wp\/v2\/pages"}],"about":[{"href":"https:\/\/outletcars.gmbh\/de\/wp-json\/wp\/v2\/types\/page"}],"author":[{"embeddable":true,"href":"https:\/\/outletcars.gmbh\/de\/wp-json\/wp\/v2\/users\/1"}],"replies":[{"embeddable":true,"href":"https:\/\/outletcars.gmbh\/de\/wp-json\/wp\/v2\/comments?post=1114"}],"version-history":[{"count":47,"href":"https:\/\/outletcars.gmbh\/de\/wp-json\/wp\/v2\/pages\/1114\/revisions"}],"predecessor-version":[{"id":2176,"href":"https:\/\/outletcars.gmbh\/de\/wp-json\/wp\/v2\/pages\/1114\/revisions\/2176"}],"wp:attachment":[{"href":"https:\/\/outletcars.gmbh\/de\/wp-json\/wp\/v2\/media?parent=1114"}],"curies":[{"name":"wp","href":"https:\/\/api.w.org\/{rel}","templated":true}]}}