{"id":1125,"date":"2023-07-24T10:09:23","date_gmt":"2023-07-24T10:09:23","guid":{"rendered":"https:\/\/outlet.getonnet.dev\/?page_id=1125"},"modified":"2023-10-16T05:22:35","modified_gmt":"2023-10-16T05:22:35","slug":"about-us","status":"publish","type":"page","link":"https:\/\/outletcars.gmbh\/de\/uber-uns\/","title":{"rendered":"\u00dcber uns"},"content":{"rendered":"<div data-elementor-type=\"wp-page\" data-elementor-id=\"1125\" class=\"elementor elementor-1125\" data-elementor-post-type=\"page\">\n\t\t\t\t<div class=\"elementor-element elementor-element-745f0401 e-flex e-con-boxed e-con e-parent\" data-id=\"745f0401\" data-element_type=\"container\" data-e-type=\"container\" data-settings=\"{&quot;background_background&quot;:&quot;classic&quot;,&quot;jet_parallax_layout_list&quot;:[]}\">\n\t\t\t\t\t<div class=\"e-con-inner\">\n\t\t<div class=\"elementor-element elementor-element-43c00c3 e-flex e-con-boxed e-con e-child\" data-id=\"43c00c3\" data-element_type=\"container\" data-e-type=\"container\" data-settings=\"{&quot;jet_parallax_layout_list&quot;:[]}\">\n\t\t\t\t\t<div class=\"e-con-inner\">\n\t\t<div class=\"elementor-element elementor-element-d32b114 e-con-full e-flex e-con e-child\" data-id=\"d32b114\" data-element_type=\"container\" data-e-type=\"container\" data-settings=\"{&quot;jet_parallax_layout_list&quot;:[]}\">\n\t\t\t\t<div class=\"elementor-element elementor-element-0fa0566 elementor-widget elementor-widget-heading\" data-id=\"0fa0566\" data-element_type=\"widget\" data-e-type=\"widget\" data-widget_type=\"heading.default\">\n\t\t\t\t<div class=\"elementor-widget-container\">\n\t\t\t\t\t<h1 class=\"elementor-heading-title elementor-size-default\">\u00dcber uns<\/h1>\t\t\t\t<\/div>\n\t\t\t\t<\/div>\n\t\t\t\t<div class=\"elementor-element elementor-element-764118d elementor-widget elementor-widget-text-editor\" data-id=\"764118d\" data-element_type=\"widget\" data-e-type=\"widget\" data-widget_type=\"text-editor.default\">\n\t\t\t\t<div class=\"elementor-widget-container\">\n\t\t\t\t\t\t\t\t\tDie Outlet Cars Deutschland GmbH ist Ihr erfahrener und zuverl\u00e4ssiger Partner f\u00fcr einen stressfreien Autokauf. Unser Ziel ist es, den Kaufprozess f\u00fcr unsere Kundinnen und Kunden so unkompliziert und simpel wie m\u00f6glich zu gestalten. Gleichzeitig streben wir stets danach, Ihnen die bestm\u00f6glichen Angebote zu machen und zu unschlagbaren Preisen Autos anbieten zu k\u00f6nnen.\t\t\t\t\t\t\t\t<\/div>\n\t\t\t\t<\/div>\n\t\t\t\t<div class=\"elementor-element elementor-element-c41cefe elementor-widget elementor-widget-text-editor\" data-id=\"c41cefe\" data-element_type=\"widget\" data-e-type=\"widget\" data-widget_type=\"text-editor.default\">\n\t\t\t\t<div class=\"elementor-widget-container\">\n\t\t\t\t\t\t\t\t\t<p>Auf den ersten Blick scheint sich die Suche nach gebrauchten Autos zu g\u00fcnstigen Preisen in den vergangenen Jahren deutlich vereinfacht zu haben. Gerade online gibt es mittlerweile Kfz-H\u00e4ndler wie Sand am Meer. Doch trotz des riesigen Angebots ist es nicht immer leicht, an einen vertrauensw\u00fcrdigen Autoh\u00e4ndler zu geraten. Mit der Outlet Cars Deutschland GmbH haben Sie tats\u00e4chlich einen gefunden, denn zwischen uns und anderen Anbietern f\u00fcr Online-Autokauf gibt es einen ausschlaggebenden Unterschied.<\/p>\t\t\t\t\t\t\t\t<\/div>\n\t\t\t\t<\/div>\n\t\t\t\t<div class=\"elementor-element elementor-element-36e7c21 elementor-widget elementor-widget-text-editor\" data-id=\"36e7c21\" data-element_type=\"widget\" data-e-type=\"widget\" data-widget_type=\"text-editor.default\">\n\t\t\t\t<div class=\"elementor-widget-container\">\n\t\t\t\t\t\t\t\t\t<p>Genau dieser Outlet-Cars-Unterschied zeichnet uns aus. Wir verfolgen die klare Vision, dass der Erwerb eines Fahrzeugs seri\u00f6s und unkompliziert zugleich \u00fcber die B\u00fchne gehen kann. Mit einem engagierten Team an erfahrenen Mitarbeitern haben wir es uns zur Aufgabe gemacht, diese Vorstellung an jedem Tag und bei jedem einzelnen Autokauf in die Tat umzusetzen.<\/p>\t\t\t\t\t\t\t\t<\/div>\n\t\t\t\t<\/div>\n\t\t\t\t<\/div>\n\t\t<div class=\"elementor-element elementor-element-2592595 e-con-full e-flex e-con e-child\" data-id=\"2592595\" data-element_type=\"container\" data-e-type=\"container\" data-settings=\"{&quot;jet_parallax_layout_list&quot;:[]}\">\n\t\t\t\t<div class=\"elementor-element elementor-element-61b4aca3 elementor-widget elementor-widget-image\" data-id=\"61b4aca3\" data-element_type=\"widget\" data-e-type=\"widget\" data-widget_type=\"image.default\">\n\t\t\t\t<div class=\"elementor-widget-container\">\n\t\t\t\t\t\t\t\t\t\t\t\t\t\t\t<img fetchpriority=\"high\" decoding=\"async\" width=\"595\" height=\"490\" src=\"https:\/\/outletcars.gmbh\/wp-content\/uploads\/2023\/08\/why-us-image.png\" class=\"attachment-full size-full wp-image-1396\" alt=\"\" srcset=\"https:\/\/outletcars.gmbh\/wp-content\/uploads\/2023\/08\/why-us-image.png 595w, https:\/\/outletcars.gmbh\/wp-content\/uploads\/2023\/08\/why-us-image-300x247.png 300w, https:\/\/outletcars.gmbh\/wp-content\/uploads\/2023\/08\/why-us-image-15x12.png 15w\" sizes=\"(max-width: 595px) 100vw, 595px\" \/>\t\t\t\t\t\t\t\t\t\t\t\t\t\t\t<\/div>\n\t\t\t\t<\/div>\n\t\t\t\t<\/div>\n\t\t\t\t\t<\/div>\n\t\t\t\t<\/div>\n\t\t\t\t\t<\/div>\n\t\t\t\t<\/div>\n\t\t<div class=\"elementor-element elementor-element-1fef04c e-flex e-con-boxed e-con e-parent\" data-id=\"1fef04c\" data-element_type=\"container\" data-e-type=\"container\" data-settings=\"{&quot;jet_parallax_layout_list&quot;:[]}\">\n\t\t\t\t\t<div class=\"e-con-inner\">\n\t\t<div class=\"elementor-element elementor-element-2f4bb10 e-flex e-con-boxed e-con e-child\" data-id=\"2f4bb10\" data-element_type=\"container\" data-e-type=\"container\" data-settings=\"{&quot;jet_parallax_layout_list&quot;:[]}\">\n\t\t\t\t\t<div class=\"e-con-inner\">\n\t\t\t\t<div class=\"elementor-element elementor-element-5fd4fcb elementor-widget elementor-widget-heading\" data-id=\"5fd4fcb\" data-element_type=\"widget\" data-e-type=\"widget\" data-widget_type=\"heading.default\">\n\t\t\t\t<div class=\"elementor-widget-container\">\n\t\t\t\t\t<h2 class=\"elementor-heading-title elementor-size-default\">Entdecken Sie den Outlet-Cars-Unterschied<\/h2>\t\t\t\t<\/div>\n\t\t\t\t<\/div>\n\t\t\t\t\t<\/div>\n\t\t\t\t<\/div>\n\t\t<div class=\"elementor-element elementor-element-66c6075 e-flex e-con-boxed e-con e-child\" data-id=\"66c6075\" data-element_type=\"container\" data-e-type=\"container\" data-settings=\"{&quot;jet_parallax_layout_list&quot;:[]}\">\n\t\t\t\t\t<div class=\"e-con-inner\">\n\t\t\t\t<div class=\"elementor-element elementor-element-169e15e elementor-widget elementor-widget-text-editor\" data-id=\"169e15e\" data-element_type=\"widget\" data-e-type=\"widget\" data-widget_type=\"text-editor.default\">\n\t\t\t\t<div class=\"elementor-widget-container\">\n\t\t\t\t\t\t\t\t\tAls Outlet Cars Deutschland GmbH bringen wir mehr als 15 Jahren Erfahrung im Bereich Online-Autokauf mit. Seit unserer Gr\u00fcndung ist es unser zentrales Anliegen, unseren Kundinnen und Kunden Autos zu g\u00fcnstigen Konditionen anzubieten und dar\u00fcber hinaus einen stressfreien Kauf zu erm\u00f6glichen. Wir sind immer darum bem\u00fcht, uns kontinuierlich zu verbessern und das Kauferlebnis f\u00fcr Sie stetig zu optimieren.\t\t\t\t\t\t\t\t<\/div>\n\t\t\t\t<\/div>\n\t\t\t\t<div class=\"elementor-element elementor-element-1afd446 elementor-widget elementor-widget-text-editor\" data-id=\"1afd446\" data-element_type=\"widget\" data-e-type=\"widget\" data-widget_type=\"text-editor.default\">\n\t\t\t\t<div class=\"elementor-widget-container\">\n\t\t\t\t\t\t\t\t\tIn unserer Unternehmensphilosophie spielt auch der Aspekt der Transparenz eine wesentliche Rolle. Deshalb sind die Gesch\u00e4ftsbedingungen bei der Outlet Cars Deutschland GmbH eindeutig und klar verst\u00e4ndlich formuliert. Kleingedruckte, unfaire Zusatzklauseln suchen Sie bei uns vergebens. Interessentinnen und Interessenten finden bei uns transparente Autopreise ohne versteckte Extrakosten oder sonstige Aufpreise.\t\t\t\t\t\t\t\t<\/div>\n\t\t\t\t<\/div>\n\t\t\t\t<div class=\"elementor-element elementor-element-befe18d elementor-widget elementor-widget-text-editor\" data-id=\"befe18d\" data-element_type=\"widget\" data-e-type=\"widget\" data-widget_type=\"text-editor.default\">\n\t\t\t\t<div class=\"elementor-widget-container\">\n\t\t\t\t\t\t\t\t\tWir verbinden Werte wie Zuverl\u00e4ssigkeit, P\u00fcnktlichkeit und Qualit\u00e4t mit den Annehmlichkeiten der modernen Digitalisierung. Als seri\u00f6ser Autoh\u00e4ndler mit Handschlagqualit\u00e4t stehen wir f\u00fcr einen unkomplizierten Kaufprozess zu fairen Bedingungen.\t\t\t\t\t\t\t\t<\/div>\n\t\t\t\t<\/div>\n\t\t\t\t\t<\/div>\n\t\t\t\t<\/div>\n\t\t\t\t\t<\/div>\n\t\t\t\t<\/div>\n\t\t<div class=\"elementor-element elementor-element-124dd0d e-flex e-con-boxed e-con e-parent\" data-id=\"124dd0d\" data-element_type=\"container\" data-e-type=\"container\" data-settings=\"{&quot;jet_parallax_layout_list&quot;:[]}\">\n\t\t\t\t\t<div class=\"e-con-inner\">\n\t\t<div class=\"elementor-element elementor-element-5e00407 e-flex e-con-boxed e-con e-child\" data-id=\"5e00407\" data-element_type=\"container\" data-e-type=\"container\" data-settings=\"{&quot;background_background&quot;:&quot;classic&quot;,&quot;jet_parallax_layout_list&quot;:[]}\">\n\t\t\t\t\t<div class=\"e-con-inner\">\n\t\t<div class=\"elementor-element elementor-element-cd46cb0 e-con-full e-flex e-con e-child\" data-id=\"cd46cb0\" data-element_type=\"container\" data-e-type=\"container\" data-settings=\"{&quot;background_background&quot;:&quot;classic&quot;,&quot;jet_parallax_layout_list&quot;:[]}\">\n\t\t\t\t<\/div>\n\t\t<div class=\"elementor-element elementor-element-ab689c4 e-con-full e-flex e-con e-child\" data-id=\"ab689c4\" data-element_type=\"container\" data-e-type=\"container\" data-settings=\"{&quot;jet_parallax_layout_list&quot;:[]}\">\n\t\t\t\t<div class=\"elementor-element elementor-element-85aa5d4 elementor-widget elementor-widget-image\" data-id=\"85aa5d4\" data-element_type=\"widget\" data-e-type=\"widget\" data-widget_type=\"image.default\">\n\t\t\t\t<div class=\"elementor-widget-container\">\n\t\t\t\t\t\t\t\t\t\t\t\t\t\t\t<img decoding=\"async\" width=\"1200\" height=\"800\" src=\"https:\/\/outletcars.gmbh\/wp-content\/uploads\/2023\/08\/in-the-car-woman-in-formal-clothes-is-indoors-in-2021-12-27-16-06-59-utc.jpg\" class=\"attachment-full size-full wp-image-1609\" alt=\"\" srcset=\"https:\/\/outletcars.gmbh\/wp-content\/uploads\/2023\/08\/in-the-car-woman-in-formal-clothes-is-indoors-in-2021-12-27-16-06-59-utc.jpg 1200w, https:\/\/outletcars.gmbh\/wp-content\/uploads\/2023\/08\/in-the-car-woman-in-formal-clothes-is-indoors-in-2021-12-27-16-06-59-utc-300x200.jpg 300w, https:\/\/outletcars.gmbh\/wp-content\/uploads\/2023\/08\/in-the-car-woman-in-formal-clothes-is-indoors-in-2021-12-27-16-06-59-utc-1024x683.jpg 1024w, https:\/\/outletcars.gmbh\/wp-content\/uploads\/2023\/08\/in-the-car-woman-in-formal-clothes-is-indoors-in-2021-12-27-16-06-59-utc-768x512.jpg 768w, https:\/\/outletcars.gmbh\/wp-content\/uploads\/2023\/08\/in-the-car-woman-in-formal-clothes-is-indoors-in-2021-12-27-16-06-59-utc-18x12.jpg 18w\" sizes=\"(max-width: 1200px) 100vw, 1200px\" \/>\t\t\t\t\t\t\t\t\t\t\t\t\t\t\t<\/div>\n\t\t\t\t<\/div>\n\t\t\t\t<\/div>\n\t\t\t\t\t<\/div>\n\t\t\t\t<\/div>\n\t\t\t\t\t<\/div>\n\t\t\t\t<\/div>\n\t\t<div class=\"elementor-element elementor-element-e8c58f3 e-flex e-con-boxed e-con e-parent\" data-id=\"e8c58f3\" data-element_type=\"container\" data-e-type=\"container\" data-settings=\"{&quot;jet_parallax_layout_list&quot;:[]}\">\n\t\t\t\t\t<div class=\"e-con-inner\">\n\t\t<div class=\"elementor-element elementor-element-90db9ed e-flex e-con-boxed e-con e-child\" data-id=\"90db9ed\" data-element_type=\"container\" data-e-type=\"container\" data-settings=\"{&quot;jet_parallax_layout_list&quot;:[]}\">\n\t\t\t\t\t<div class=\"e-con-inner\">\n\t\t\t\t<div class=\"elementor-element elementor-element-ac9e09a elementor-widget elementor-widget-heading\" data-id=\"ac9e09a\" data-element_type=\"widget\" data-e-type=\"widget\" data-widget_type=\"heading.default\">\n\t\t\t\t<div class=\"elementor-widget-container\">\n\t\t\t\t\t<h2 class=\"elementor-heading-title elementor-size-default\">Unser Service<\/h2>\t\t\t\t<\/div>\n\t\t\t\t<\/div>\n\t\t\t\t<div class=\"elementor-element elementor-element-2b85e84 elementor-widget elementor-widget-text-editor\" data-id=\"2b85e84\" data-element_type=\"widget\" data-e-type=\"widget\" data-widget_type=\"text-editor.default\">\n\t\t\t\t<div class=\"elementor-widget-container\">\n\t\t\t\t\t\t\t\t\tWir bei der Outlet Cars Deutschland GmbH haben den gesamten Prozess des Autokaufs revolutioniert, indem wir Ihre Bed\u00fcrfnisse in den Vordergrund stellen. Auf diese Weise ebnen wir unseren Kundinnen und Kunden den einfachsten Weg zum Erwerb eines qualitativ einwandfreien und erschwinglichen Gebrauchtwagens.\t\t\t\t\t\t\t\t<\/div>\n\t\t\t\t<\/div>\n\t\t\t\t<div class=\"elementor-element elementor-element-b50b706 elementor-widget elementor-widget-text-editor\" data-id=\"b50b706\" data-element_type=\"widget\" data-e-type=\"widget\" data-widget_type=\"text-editor.default\">\n\t\t\t\t<div class=\"elementor-widget-container\">\n\t\t\t\t\t\t\t\t\tMit unserem innovativen Ansatz sorgen wir daf\u00fcr, dass Sie Ihr Wunschfahrzeug schnell und sicher zu den unschlagbaren Outlet-Cars-Preisen erwerben. Und um die oftmals l\u00e4stigen Details im Zuge Ihres Online-Autokaufs k\u00fcmmern wir uns. Das h\u00e4lt Ihnen wiederum den Blick auf das Wesentliche frei, damit Sie die besten Gebrauchtwagen-Deals aus unserer breit gef\u00e4cherten Fahrzeugliste ergattern. Der Kaufprozess ist intuitiv gestaltet und birgt keinerlei unangenehme Hindernisse. Falls doch Unklarheiten oder Fragen auftreten, ist unser Kundenservice selbstverst\u00e4ndlich f\u00fcr Sie da.\t\t\t\t\t\t\t\t<\/div>\n\t\t\t\t<\/div>\n\t\t\t\t<div class=\"elementor-element elementor-element-cf4d679 elementor-widget elementor-widget-text-editor\" data-id=\"cf4d679\" data-element_type=\"widget\" data-e-type=\"widget\" data-widget_type=\"text-editor.default\">\n\t\t\t\t<div class=\"elementor-widget-container\">\n\t\t\t\t\t\t\t\t\tSollten Sie Hilfe bei der Finanzierung Ihres Traumautos ben\u00f6tigen, h\u00e4lt die Outlet Cars Deutschland GmbH in Kooperation mit der Partner-Bank Santander eine attraktive L\u00f6sung f\u00fcr Sie bereit. Mit einem Autokredit zu g\u00fcnstigen Rahmenbedingungen finanzieren Sie sich das Fahrzeug Ihrer Tr\u00e4ume. Nachdem Sie Ihren Kreditantrag eingereicht haben, k\u00fcmmern sich die erfahrenen Mitarbeiterinnen und Mitarbeiter unmittelbar um die Bearbeitung. Bei erfolgreicher Kreditentscheidung erfolgt die Auszahlung m\u00f6glichst rasch, sodass einem Direktkauf eines Autos nichts mehr im Wege steht.\t\t\t\t\t\t\t\t<\/div>\n\t\t\t\t<\/div>\n\t\t\t\t<div class=\"elementor-element elementor-element-a11ccb6 elementor-widget elementor-widget-text-editor\" data-id=\"a11ccb6\" data-element_type=\"widget\" data-e-type=\"widget\" data-widget_type=\"text-editor.default\">\n\t\t\t\t<div class=\"elementor-widget-container\">\n\t\t\t\t\t\t\t\t\tHerzlich willkommen zu einer stressfreien und kosteneffizienten Autokauf-Erfahrung bei der Outlet Cars Deutschland GmbH!\t\t\t\t\t\t\t\t<\/div>\n\t\t\t\t<\/div>\n\t\t\t\t\t<\/div>\n\t\t\t\t<\/div>\n\t\t\t\t\t<\/div>\n\t\t\t\t<\/div>\n\t\t<div class=\"elementor-element elementor-element-42c8d04 e-flex e-con-boxed e-con e-parent\" data-id=\"42c8d04\" data-element_type=\"container\" data-e-type=\"container\" data-settings=\"{&quot;jet_parallax_layout_list&quot;:[]}\">\n\t\t\t\t\t<div class=\"e-con-inner\">\n\t\t<div class=\"elementor-element elementor-element-268f6d0 e-flex e-con-boxed e-con e-child\" data-id=\"268f6d0\" data-element_type=\"container\" data-e-type=\"container\" data-settings=\"{&quot;jet_parallax_layout_list&quot;:[]}\">\n\t\t\t\t\t<div class=\"e-con-inner\">\n\t\t\t\t<div class=\"elementor-element elementor-element-538e2a6 elementor-widget elementor-widget-heading\" data-id=\"538e2a6\" data-element_type=\"widget\" data-e-type=\"widget\" data-widget_type=\"heading.default\">\n\t\t\t\t<div class=\"elementor-widget-container\">\n\t\t\t\t\t<h2 class=\"elementor-heading-title elementor-size-default\">Was spricht f\u00fcr uns?<\/h2>\t\t\t\t<\/div>\n\t\t\t\t<\/div>\n\t\t\t\t<div class=\"elementor-element elementor-element-933689c elementor-widget elementor-widget-text-editor\" data-id=\"933689c\" data-element_type=\"widget\" data-e-type=\"widget\" data-widget_type=\"text-editor.default\">\n\t\t\t\t<div class=\"elementor-widget-container\">\n\t\t\t\t\t\t\t\t\tWenn Sie die ideale Anlaufstelle f\u00fcr einen reibungslosen Autokauf suchen, sind Sie bei der Outlet Cars Deutschland GmbH an der richtigen Adresse. Aufgrund unserer langj\u00e4hrigen Erfahrung wissen wir, worauf es unseren Kundinnen und Kunden beim Kauf eines Gebrauchtwagens ankommt.\t\t\t\t\t\t\t\t<\/div>\n\t\t\t\t<\/div>\n\t\t\t\t<div class=\"elementor-element elementor-element-ccbb60b elementor-widget elementor-widget-text-editor\" data-id=\"ccbb60b\" data-element_type=\"widget\" data-e-type=\"widget\" data-widget_type=\"text-editor.default\">\n\t\t\t\t<div class=\"elementor-widget-container\">\n\t\t\t\t\t\t\t\t\tDen Begriff \u201eKomfort\u201c definieren wir in diesem Zusammenhang v\u00f6llig neu: mit unschlagbaren Autopreisen, direkten und problemlosen Transaktionen sowie einer breit gef\u00e4cherten Fahrzeugliste, die den Vorstellungen unserer Kundinnen und Kunden gerecht wird.\t\t\t\t\t\t\t\t<\/div>\n\t\t\t\t<\/div>\n\t\t\t\t<div class=\"elementor-element elementor-element-72bc997 elementor-widget elementor-widget-text-editor\" data-id=\"72bc997\" data-element_type=\"widget\" data-e-type=\"widget\" data-widget_type=\"text-editor.default\">\n\t\t\t\t<div class=\"elementor-widget-container\">\n\t\t\t\t\t\t\t\t\tEin weiterer essenzieller Teil dieses neuen Kauferlebnisses ist eine reibungslose Lieferung zu Ihnen nach Hause mit kurzen und transparent kommunizierten Lieferzeiten. Zudem ist bei uns eine Fahrzeuglieferung an einen anderen Standort Ihrer Wahl problemlos m\u00f6glich. \u00dcber die Geb\u00fchren f\u00fcr Ihre Auto-Lieferung sowie alle anderen Kosten, die beim Autokauf anfallen, informieren wir Sie ebenfalls von Anfang an. Mit der Outlet Cars Deutschland GmbH sichern Sie sich bequem von zu Hause aus und ohne zus\u00e4tzliche H\u00fcrden per Direktkauf Autos.\t\t\t\t\t\t\t\t<\/div>\n\t\t\t\t<\/div>\n\t\t\t\t<div class=\"elementor-element elementor-element-ea91b07 elementor-widget elementor-widget-text-editor\" data-id=\"ea91b07\" data-element_type=\"widget\" data-e-type=\"widget\" data-widget_type=\"text-editor.default\">\n\t\t\t\t<div class=\"elementor-widget-container\">\n\t\t\t\t\t\t\t\t\t<p>Egal, ob Sie ein wahrer Autoliebhaber oder einfach nur auf der Suche nach funktionst\u00fcchtigen und g\u00fcnstigen Autos sind, bei der Outlet Cars Deutschland GmbH sind Sie richtig.<\/p>\t\t\t\t\t\t\t\t<\/div>\n\t\t\t\t<\/div>\n\t\t\t\t\t<\/div>\n\t\t\t\t<\/div>\n\t\t\t\t\t<\/div>\n\t\t\t\t<\/div>\n\t\t<div class=\"elementor-element elementor-element-ca3f5ef e-flex e-con-boxed e-con e-parent\" data-id=\"ca3f5ef\" data-element_type=\"container\" data-e-type=\"container\" data-settings=\"{&quot;jet_parallax_layout_list&quot;:[]}\">\n\t\t\t\t\t<div class=\"e-con-inner\">\n\t\t<div class=\"elementor-element elementor-element-27987d0 e-flex e-con-boxed e-con e-child\" data-id=\"27987d0\" data-element_type=\"container\" data-e-type=\"container\" data-settings=\"{&quot;background_background&quot;:&quot;classic&quot;,&quot;jet_parallax_layout_list&quot;:[]}\">\n\t\t\t\t\t<div class=\"e-con-inner\">\n\t\t\t\t<div class=\"elementor-element elementor-element-b3fc449 elementor-widget elementor-widget-heading\" data-id=\"b3fc449\" data-element_type=\"widget\" data-e-type=\"widget\" data-widget_type=\"heading.default\">\n\t\t\t\t<div class=\"elementor-widget-container\">\n\t\t\t\t\t<h5 class=\"elementor-heading-title elementor-size-default\">Wir sind f\u00fcr Sie da und unterst\u00fctzen Sie gerne.<\/h5>\t\t\t\t<\/div>\n\t\t\t\t<\/div>\n\t\t\t\t<div class=\"elementor-element elementor-element-fac2042 elementor-widget elementor-widget-heading\" data-id=\"fac2042\" data-element_type=\"widget\" data-e-type=\"widget\" data-widget_type=\"heading.default\">\n\t\t\t\t<div class=\"elementor-widget-container\">\n\t\t\t\t\t<h2 class=\"elementor-heading-title elementor-size-default\">Haben Sie noch Fragen?<\/h2>\t\t\t\t<\/div>\n\t\t\t\t<\/div>\n\t\t\t\t<div class=\"elementor-element elementor-element-84a82e3 elementor-widget elementor-widget-button\" data-id=\"84a82e3\" data-element_type=\"widget\" data-e-type=\"widget\" data-widget_type=\"button.default\">\n\t\t\t\t<div class=\"elementor-widget-container\">\n\t\t\t\t\t\t\t\t\t<div class=\"elementor-button-wrapper\">\n\t\t\t\t\t<a class=\"elementor-button elementor-button-link elementor-size-sm\" href=\"\/contact\">\n\t\t\t\t\t\t<span class=\"elementor-button-content-wrapper\">\n\t\t\t\t\t\t\t\t\t<span class=\"elementor-button-text\">Wenden Sie sich an uns<\/span>\n\t\t\t\t\t<\/span>\n\t\t\t\t\t<\/a>\n\t\t\t\t<\/div>\n\t\t\t\t\t\t\t\t<\/div>\n\t\t\t\t<\/div>\n\t\t\t\t\t<\/div>\n\t\t\t\t<\/div>\n\t\t\t\t\t<\/div>\n\t\t\t\t<\/div>\n\t\t\t\t<\/div>","protected":false},"excerpt":{"rendered":"About us Outlet Cars Deutschland GmbH is your experienced and reliable partner for a stress-free car purchase. Our goal is to make the purchasing process for our customers as uncomplicated and simple as possible. At the same time, we always strive to make you the best possible offers and to be able to offer cars [&hellip;]","protected":false},"author":1,"featured_media":0,"parent":0,"menu_order":0,"comment_status":"closed","ping_status":"closed","template":"","meta":{"footnotes":""},"class_list":["post-1125","page","type-page","status-publish","hentry"],"_links":{"self":[{"href":"https:\/\/outletcars.gmbh\/de\/wp-json\/wp\/v2\/pages\/1125","targetHints":{"allow":["GET"]}}],"collection":[{"href":"https:\/\/outletcars.gmbh\/de\/wp-json\/wp\/v2\/pages"}],"about":[{"href":"https:\/\/outletcars.gmbh\/de\/wp-json\/wp\/v2\/types\/page"}],"author":[{"embeddable":true,"href":"https:\/\/outletcars.gmbh\/de\/wp-json\/wp\/v2\/users\/1"}],"replies":[{"embeddable":true,"href":"https:\/\/outletcars.gmbh\/de\/wp-json\/wp\/v2\/comments?post=1125"}],"version-history":[{"count":190,"href":"https:\/\/outletcars.gmbh\/de\/wp-json\/wp\/v2\/pages\/1125\/revisions"}],"predecessor-version":[{"id":2179,"href":"https:\/\/outletcars.gmbh\/de\/wp-json\/wp\/v2\/pages\/1125\/revisions\/2179"}],"wp:attachment":[{"href":"https:\/\/outletcars.gmbh\/de\/wp-json\/wp\/v2\/media?parent=1125"}],"curies":[{"name":"wp","href":"https:\/\/api.w.org\/{rel}","templated":true}]}}