{"id":1799,"date":"2023-08-31T10:26:48","date_gmt":"2023-08-31T10:26:48","guid":{"rendered":"https:\/\/outlet.getonnet.dev\/?page_id=1799"},"modified":"2023-10-18T06:57:36","modified_gmt":"2023-10-18T06:57:36","slug":"warranty","status":"publish","type":"page","link":"https:\/\/outletcars.gmbh\/de\/garantie\/","title":{"rendered":"Garantie"},"content":{"rendered":"<div data-elementor-type=\"wp-page\" data-elementor-id=\"1799\" class=\"elementor elementor-1799\" data-elementor-post-type=\"page\">\n\t\t\t\t<div class=\"elementor-element elementor-element-568f6406 e-flex e-con-boxed e-con e-parent\" data-id=\"568f6406\" data-element_type=\"container\" data-e-type=\"container\" data-settings=\"{&quot;background_background&quot;:&quot;classic&quot;,&quot;jet_parallax_layout_list&quot;:[]}\">\n\t\t\t\t\t<div class=\"e-con-inner\">\n\t\t<div class=\"elementor-element elementor-element-31d7055b e-flex e-con-boxed e-con e-child\" data-id=\"31d7055b\" data-element_type=\"container\" data-e-type=\"container\" data-settings=\"{&quot;jet_parallax_layout_list&quot;:[]}\">\n\t\t\t\t\t<div class=\"e-con-inner\">\n\t\t<div class=\"elementor-element elementor-element-71e00279 e-con-full e-flex e-con e-child\" data-id=\"71e00279\" data-element_type=\"container\" data-e-type=\"container\" data-settings=\"{&quot;jet_parallax_layout_list&quot;:[]}\">\n\t\t\t\t<div class=\"elementor-element elementor-element-48088715 elementor-widget elementor-widget-heading\" data-id=\"48088715\" data-element_type=\"widget\" data-e-type=\"widget\" data-widget_type=\"heading.default\">\n\t\t\t\t<div class=\"elementor-widget-container\">\n\t\t\t\t\t<h1 class=\"elementor-heading-title elementor-size-default\">Garantie<\/h1>\t\t\t\t<\/div>\n\t\t\t\t<\/div>\n\t\t\t\t<div class=\"elementor-element elementor-element-7a224962 elementor-widget elementor-widget-text-editor\" data-id=\"7a224962\" data-element_type=\"widget\" data-e-type=\"widget\" data-widget_type=\"text-editor.default\">\n\t\t\t\t<div class=\"elementor-widget-container\">\n\t\t\t\t\t\t\t\t\t<p>Wenn Sie sich f\u00fcr den Autokauf bei der Outlet Cars Deutschland GmbH entscheiden, sind Sie auf jeden Fall auf der sicheren Seite. Denn bei uns erwerben Sie mehr als blo\u00df ein qualitativ hochwertiges Fahrzeug zu g\u00fcnstigen Konditionen. Sie investieren dar\u00fcber hinaus auch in ein Maximum an Zuverl\u00e4ssigkeit sowie in Ihre eigene Sicherheit.<\/p>\t\t\t\t\t\t\t\t<\/div>\n\t\t\t\t<\/div>\n\t\t\t\t<div class=\"elementor-element elementor-element-186fda1 elementor-widget elementor-widget-text-editor\" data-id=\"186fda1\" data-element_type=\"widget\" data-e-type=\"widget\" data-widget_type=\"text-editor.default\">\n\t\t\t\t<div class=\"elementor-widget-container\">\n\t\t\t\t\t\t\t\t\t<p>Mit unserer Garantie, die von der CG Car-Garantie-Versicherungs-AG bereitgestellt wird, erm\u00f6glichen wir Ihnen eine sorgenfreie und sichere Fahrt mit Ihrem neuen Auto. Nat\u00fcrlich k\u00f6nnen wir nicht g\u00e4nzlich verhindern, dass im Stra\u00dfenverkehr hin und wieder unerwartete Ereignisse auftreten. Allerdings sorgen wir mit unserem Garantie-Service und unserer zuverl\u00e4ssigen Versicherung daf\u00fcr, dass Sie in einer solchen Situation keine weiteren b\u00f6sen \u00dcberraschungen erleben und abgesichert sind. Sicherheit und Zuversicht werden auf diese Weise zu Ihren st\u00e4ndigen Begleitern im allt\u00e4glichen Verkehr.<\/p>\t\t\t\t\t\t\t\t<\/div>\n\t\t\t\t<\/div>\n\t\t\t\t<\/div>\n\t\t<div class=\"elementor-element elementor-element-579e71b7 e-con-full e-flex e-con e-child\" data-id=\"579e71b7\" data-element_type=\"container\" data-e-type=\"container\" data-settings=\"{&quot;jet_parallax_layout_list&quot;:[]}\">\n\t\t\t\t<div class=\"elementor-element elementor-element-36671cfe elementor-widget elementor-widget-image\" data-id=\"36671cfe\" data-element_type=\"widget\" data-e-type=\"widget\" data-widget_type=\"image.default\">\n\t\t\t\t<div class=\"elementor-widget-container\">\n\t\t\t\t\t\t\t\t\t\t\t\t\t\t\t<img fetchpriority=\"high\" decoding=\"async\" width=\"595\" height=\"490\" src=\"https:\/\/outletcars.gmbh\/wp-content\/uploads\/2023\/08\/why-us-image.png\" class=\"attachment-full size-full wp-image-1396\" alt=\"\" srcset=\"https:\/\/outletcars.gmbh\/wp-content\/uploads\/2023\/08\/why-us-image.png 595w, https:\/\/outletcars.gmbh\/wp-content\/uploads\/2023\/08\/why-us-image-300x247.png 300w, https:\/\/outletcars.gmbh\/wp-content\/uploads\/2023\/08\/why-us-image-15x12.png 15w\" sizes=\"(max-width: 595px) 100vw, 595px\" \/>\t\t\t\t\t\t\t\t\t\t\t\t\t\t\t<\/div>\n\t\t\t\t<\/div>\n\t\t\t\t<\/div>\n\t\t\t\t\t<\/div>\n\t\t\t\t<\/div>\n\t\t\t\t\t<\/div>\n\t\t\t\t<\/div>\n\t\t<div class=\"elementor-element elementor-element-1c6150ac e-flex e-con-boxed e-con e-parent\" data-id=\"1c6150ac\" data-element_type=\"container\" data-e-type=\"container\" data-settings=\"{&quot;jet_parallax_layout_list&quot;:[]}\">\n\t\t\t\t\t<div class=\"e-con-inner\">\n\t\t<div class=\"elementor-element elementor-element-34204f43 e-flex e-con-boxed e-con e-child\" data-id=\"34204f43\" data-element_type=\"container\" data-e-type=\"container\" data-settings=\"{&quot;jet_parallax_layout_list&quot;:[]}\">\n\t\t\t\t\t<div class=\"e-con-inner\">\n\t\t\t\t<div class=\"elementor-element elementor-element-12608e9a elementor-widget elementor-widget-heading\" data-id=\"12608e9a\" data-element_type=\"widget\" data-e-type=\"widget\" data-widget_type=\"heading.default\">\n\t\t\t\t<div class=\"elementor-widget-container\">\n\t\t\t\t\t<h2 class=\"elementor-heading-title elementor-size-default\">Umfassender Versicherungsschutz f\u00fcr Ihr Selbstvertrauen auf der Stra\u00dfe<\/h2>\t\t\t\t<\/div>\n\t\t\t\t<\/div>\n\t\t\t\t\t<\/div>\n\t\t\t\t<\/div>\n\t\t<div class=\"elementor-element elementor-element-54f330dc e-flex e-con-boxed e-con e-child\" data-id=\"54f330dc\" data-element_type=\"container\" data-e-type=\"container\" data-settings=\"{&quot;jet_parallax_layout_list&quot;:[]}\">\n\t\t\t\t\t<div class=\"e-con-inner\">\n\t\t\t\t<div class=\"elementor-element elementor-element-6d416246 elementor-widget elementor-widget-text-editor\" data-id=\"6d416246\" data-element_type=\"widget\" data-e-type=\"widget\" data-widget_type=\"text-editor.default\">\n\t\t\t\t<div class=\"elementor-widget-container\">\n\t\t\t\t\t\t\t\t\t<p>Das Wissen darum, dass Sie sich im Schadensfall blind auf Ihre Versicherung verlassen k\u00f6nnen, tr\u00e4gt zum idealen Fahrerlebnis bei.<\/p>\t\t\t\t\t\t\t\t<\/div>\n\t\t\t\t<\/div>\n\t\t\t\t<div class=\"elementor-element elementor-element-145e28f elementor-widget elementor-widget-text-editor\" data-id=\"145e28f\" data-element_type=\"widget\" data-e-type=\"widget\" data-widget_type=\"text-editor.default\">\n\t\t\t\t<div class=\"elementor-widget-container\">\n\t\t\t\t\t\t\t\t\t<p>Bei der Outlet Cars Deutschland GmbH kommen Sie in den Genuss eines praktischen und umfassenden Rundum-sorglos-Pakets. Unsere Garantie deckt eine ganze Reihe an Komponenten ab \u2013 vom Motor bis hin zum elektrischen System Ihres neuen Autos. Motoreinbauten, Getriebe, Lenkung, Bremsen, Kraftstoffsystem und noch mehr \u2013 all das wird bei uns abgedeckt!<\/p>\t\t\t\t\t\t\t\t<\/div>\n\t\t\t\t<\/div>\n\t\t\t\t\t<\/div>\n\t\t\t\t<\/div>\n\t\t\t\t\t<\/div>\n\t\t\t\t<\/div>\n\t\t<div class=\"elementor-element elementor-element-6b5a95a e-flex e-con-boxed e-con e-parent\" data-id=\"6b5a95a\" data-element_type=\"container\" data-e-type=\"container\" data-settings=\"{&quot;jet_parallax_layout_list&quot;:[]}\">\n\t\t\t\t\t<div class=\"e-con-inner\">\n\t\t<div class=\"elementor-element elementor-element-40c5916 e-flex e-con-boxed e-con e-child\" data-id=\"40c5916\" data-element_type=\"container\" data-e-type=\"container\" data-settings=\"{&quot;background_background&quot;:&quot;classic&quot;,&quot;jet_parallax_layout_list&quot;:[]}\">\n\t\t\t\t\t<div class=\"e-con-inner\">\n\t\t\t\t<div class=\"elementor-element elementor-element-697e468 elementor-widget elementor-widget-heading\" data-id=\"697e468\" data-element_type=\"widget\" data-e-type=\"widget\" data-widget_type=\"heading.default\">\n\t\t\t\t<div class=\"elementor-widget-container\">\n\t\t\t\t\t<h5 class=\"elementor-heading-title elementor-size-default\">Lesen Sie mehr<\/h5>\t\t\t\t<\/div>\n\t\t\t\t<\/div>\n\t\t\t\t<div class=\"elementor-element elementor-element-df631de elementor-widget elementor-widget-heading\" data-id=\"df631de\" data-element_type=\"widget\" data-e-type=\"widget\" data-widget_type=\"heading.default\">\n\t\t\t\t<div class=\"elementor-widget-container\">\n\t\t\t\t\t<h2 class=\"elementor-heading-title elementor-size-default\">Werfen Sie einen Blick in unsere Brosch\u00fcren<\/h2>\t\t\t\t<\/div>\n\t\t\t\t<\/div>\n\t\t\t\t<div class=\"elementor-element elementor-element-cc5dbef elementor-widget elementor-widget-button\" data-id=\"cc5dbef\" data-element_type=\"widget\" data-e-type=\"widget\" data-widget_type=\"button.default\">\n\t\t\t\t<div class=\"elementor-widget-container\">\n\t\t\t\t\t\t\t\t\t<div class=\"elementor-button-wrapper\">\n\t\t\t\t\t<a class=\"elementor-button elementor-button-link elementor-size-sm\" href=\"https:\/\/outletcars.gmbh\/wp-content\/uploads\/2023\/08\/2re_GW_PMAUF477-Z66-PI-GSG-RKV-GW-Comfort-RGSG20-1121-1.pdf\" target=\"_blank\">\n\t\t\t\t\t\t<span class=\"elementor-button-content-wrapper\">\n\t\t\t\t\t\t\t\t\t<span class=\"elementor-button-text\">Garantie-Service-GmbH<\/span>\n\t\t\t\t\t<\/span>\n\t\t\t\t\t<\/a>\n\t\t\t\t<\/div>\n\t\t\t\t\t\t\t\t<\/div>\n\t\t\t\t<\/div>\n\t\t\t\t<div class=\"elementor-element elementor-element-4064ef7 elementor-widget elementor-widget-button\" data-id=\"4064ef7\" data-element_type=\"widget\" data-e-type=\"widget\" data-widget_type=\"button.default\">\n\t\t\t\t<div class=\"elementor-widget-container\">\n\t\t\t\t\t\t\t\t\t<div class=\"elementor-button-wrapper\">\n\t\t\t\t\t<a class=\"elementor-button elementor-button-link elementor-size-sm\" href=\"https:\/\/outletcars.gmbh\/wp-content\/uploads\/2023\/08\/commissionoverview5FDE5FAG5FDE5FBGR04900-2.pdf\" target=\"_blank\">\n\t\t\t\t\t\t<span class=\"elementor-button-content-wrapper\">\n\t\t\t\t\t\t\t\t\t<span class=\"elementor-button-text\">Provisions\u00fcbersicht   <\/span>\n\t\t\t\t\t<\/span>\n\t\t\t\t\t<\/a>\n\t\t\t\t<\/div>\n\t\t\t\t\t\t\t\t<\/div>\n\t\t\t\t<\/div>\n\t\t\t\t\t<\/div>\n\t\t\t\t<\/div>\n\t\t\t\t\t<\/div>\n\t\t\t\t<\/div>\n\t\t<div class=\"elementor-element elementor-element-263a6ab3 e-flex e-con-boxed e-con e-parent\" data-id=\"263a6ab3\" data-element_type=\"container\" data-e-type=\"container\" data-settings=\"{&quot;jet_parallax_layout_list&quot;:[]}\">\n\t\t\t\t\t<div class=\"e-con-inner\">\n\t\t<div class=\"elementor-element elementor-element-5ef8e1e1 e-flex e-con-boxed e-con e-child\" data-id=\"5ef8e1e1\" data-element_type=\"container\" data-e-type=\"container\" data-settings=\"{&quot;jet_parallax_layout_list&quot;:[]}\">\n\t\t\t\t\t<div class=\"e-con-inner\">\n\t\t\t\t<div class=\"elementor-element elementor-element-72d333bd elementor-widget elementor-widget-heading\" data-id=\"72d333bd\" data-element_type=\"widget\" data-e-type=\"widget\" data-widget_type=\"heading.default\">\n\t\t\t\t<div class=\"elementor-widget-container\">\n\t\t\t\t\t<h2 class=\"elementor-heading-title elementor-size-default\">Ma\u00dfgeschneidert auf Ihre Bed\u00fcrfnisse:\n<\/h2>\t\t\t\t<\/div>\n\t\t\t\t<\/div>\n\t\t\t\t<div class=\"elementor-element elementor-element-6891077c elementor-widget elementor-widget-text-editor\" data-id=\"6891077c\" data-element_type=\"widget\" data-e-type=\"widget\" data-widget_type=\"text-editor.default\">\n\t\t\t\t<div class=\"elementor-widget-container\">\n\t\t\t\t\t\t\t\t\t<p>We as Outlet Cars Deutschland GmbH want to give our customers maximum flexibility. For this reason, you also have absolute freedom of choice with us when it comes to the aspect of guarantee (or warranty). We offer different terms for our guarantee service, which you can freely choose according to your wishes and needs.<\/p>\t\t\t\t\t\t\t\t<\/div>\n\t\t\t\t<\/div>\n\t\t\t\t<div class=\"elementor-element elementor-element-653673b elementor-widget elementor-widget-text-editor\" data-id=\"653673b\" data-element_type=\"widget\" data-e-type=\"widget\" data-widget_type=\"text-editor.default\">\n\t\t\t\t<div class=\"elementor-widget-container\">\n\t\t\t\t\t\t\t\t\t<p>Whether it&#8217;s a convenient one-year plan for your new car or you need extended insurance coverage for truly worry-free driving pleasure and personal peace of mind, Outlet Cars always has a tailor-made solution for you that meets your exact needs and ideas.<\/p>\t\t\t\t\t\t\t\t<\/div>\n\t\t\t\t<\/div>\n\t\t\t\t\t<\/div>\n\t\t\t\t<\/div>\n\t\t\t\t\t<\/div>\n\t\t\t\t<\/div>\n\t\t<div class=\"elementor-element elementor-element-f37f649 e-flex e-con-boxed e-con e-parent\" data-id=\"f37f649\" data-element_type=\"container\" data-e-type=\"container\" data-settings=\"{&quot;jet_parallax_layout_list&quot;:[]}\">\n\t\t\t\t\t<div class=\"e-con-inner\">\n\t\t<div class=\"elementor-element elementor-element-367903fe e-flex e-con-boxed e-con e-child\" data-id=\"367903fe\" data-element_type=\"container\" data-e-type=\"container\" data-settings=\"{&quot;jet_parallax_layout_list&quot;:[]}\">\n\t\t\t\t\t<div class=\"e-con-inner\">\n\t\t\t\t<div class=\"elementor-element elementor-element-13102bbc elementor-widget elementor-widget-heading\" data-id=\"13102bbc\" data-element_type=\"widget\" data-e-type=\"widget\" data-widget_type=\"heading.default\">\n\t\t\t\t<div class=\"elementor-widget-container\">\n\t\t\t\t\t<h2 class=\"elementor-heading-title elementor-size-default\">Wir bringen Zuversicht auf Ihren Weg:\n<\/h2>\t\t\t\t<\/div>\n\t\t\t\t<\/div>\n\t\t\t\t<div class=\"elementor-element elementor-element-2ec8ffd0 elementor-widget elementor-widget-text-editor\" data-id=\"2ec8ffd0\" data-element_type=\"widget\" data-e-type=\"widget\" data-widget_type=\"text-editor.default\">\n\t\t\t\t<div class=\"elementor-widget-container\">\n\t\t\t\t\t\t\t\t\t<p>With your new vehicle you can roll over the asphalt with confidence and trust and concentrate on what&#8217;s important. Because you know full well: Outlet Cars&#8217; comprehensive guarantee has your back if things get tough.<\/p>\t\t\t\t\t\t\t\t<\/div>\n\t\t\t\t<\/div>\n\t\t\t\t<div class=\"elementor-element elementor-element-5137125 elementor-widget elementor-widget-text-editor\" data-id=\"5137125\" data-element_type=\"widget\" data-e-type=\"widget\" data-widget_type=\"text-editor.default\">\n\t\t\t\t<div class=\"elementor-widget-container\">\n\t\t\t\t\t\t\t\t\t<p>Sit back and have no worries. You can rely on us to always handle unexpected surprises professionally and carefully. Our service includes quick and competent action by experienced specialists. Of course, we will process your request quickly and confidentially.<\/p>\t\t\t\t\t\t\t\t<\/div>\n\t\t\t\t<\/div>\n\t\t\t\t<div class=\"elementor-element elementor-element-624c5c8 elementor-widget elementor-widget-text-editor\" data-id=\"624c5c8\" data-element_type=\"widget\" data-e-type=\"widget\" data-widget_type=\"text-editor.default\">\n\t\t\t\t<div class=\"elementor-widget-container\">\n\t\t\t\t\t\t\t\t\t<p>At Outlet Cars Deutschland GmbH you are choosing more than just a vehicle with any purchase insurance or motor vehicle insurance, as is the case with many of our competitors. Rather, you are choosing a seamless and worry-free driving experience.<\/p>\t\t\t\t\t\t\t\t<\/div>\n\t\t\t\t<\/div>\n\t\t\t\t\t<\/div>\n\t\t\t\t<\/div>\n\t\t\t\t\t<\/div>\n\t\t\t\t<\/div>\n\t\t<div class=\"elementor-element elementor-element-4b42f457 e-flex e-con-boxed e-con e-parent\" data-id=\"4b42f457\" data-element_type=\"container\" data-e-type=\"container\" data-settings=\"{&quot;jet_parallax_layout_list&quot;:[]}\">\n\t\t\t\t\t<div class=\"e-con-inner\">\n\t\t<div class=\"elementor-element elementor-element-2bf42d2c e-flex e-con-boxed e-con e-child\" data-id=\"2bf42d2c\" data-element_type=\"container\" data-e-type=\"container\" data-settings=\"{&quot;background_background&quot;:&quot;classic&quot;,&quot;jet_parallax_layout_list&quot;:[]}\">\n\t\t\t\t\t<div class=\"e-con-inner\">\n\t\t\t\t<div class=\"elementor-element elementor-element-4cac4d94 elementor-widget elementor-widget-heading\" data-id=\"4cac4d94\" data-element_type=\"widget\" data-e-type=\"widget\" data-widget_type=\"heading.default\">\n\t\t\t\t<div class=\"elementor-widget-container\">\n\t\t\t\t\t<h5 class=\"elementor-heading-title elementor-size-default\">Wir sind f\u00fcr Sie da und unterst\u00fctzen Sie gerne.<\/h5>\t\t\t\t<\/div>\n\t\t\t\t<\/div>\n\t\t\t\t<div class=\"elementor-element elementor-element-565ed82b elementor-widget elementor-widget-heading\" data-id=\"565ed82b\" data-element_type=\"widget\" data-e-type=\"widget\" data-widget_type=\"heading.default\">\n\t\t\t\t<div class=\"elementor-widget-container\">\n\t\t\t\t\t<h2 class=\"elementor-heading-title elementor-size-default\">Haben Sie noch Fragen?<\/h2>\t\t\t\t<\/div>\n\t\t\t\t<\/div>\n\t\t\t\t<div class=\"elementor-element elementor-element-4cd8e89f elementor-widget elementor-widget-button\" data-id=\"4cd8e89f\" data-element_type=\"widget\" data-e-type=\"widget\" data-widget_type=\"button.default\">\n\t\t\t\t<div class=\"elementor-widget-container\">\n\t\t\t\t\t\t\t\t\t<div class=\"elementor-button-wrapper\">\n\t\t\t\t\t<a class=\"elementor-button elementor-button-link elementor-size-sm\" href=\"\/contact\">\n\t\t\t\t\t\t<span class=\"elementor-button-content-wrapper\">\n\t\t\t\t\t\t\t\t\t<span class=\"elementor-button-text\">Wenden Sie sich an uns<\/span>\n\t\t\t\t\t<\/span>\n\t\t\t\t\t<\/a>\n\t\t\t\t<\/div>\n\t\t\t\t\t\t\t\t<\/div>\n\t\t\t\t<\/div>\n\t\t\t\t\t<\/div>\n\t\t\t\t<\/div>\n\t\t\t\t\t<\/div>\n\t\t\t\t<\/div>\n\t\t\t\t<\/div>","protected":false},"excerpt":{"rendered":"Warranty If you decide to buy a car from Outlet Cars Deutschland GmbH, you are definitely on the safe side. Because with us you purchase more than just a high-quality vehicle at favorable conditions. You also invest in maximum reliability and in your own safety.With our guarantee, which is provided by CG Car-Garantie-Versicherungs-AG, we enable [&hellip;]","protected":false},"author":1,"featured_media":0,"parent":0,"menu_order":0,"comment_status":"closed","ping_status":"closed","template":"elementor_header_footer","meta":{"footnotes":""},"class_list":["post-1799","page","type-page","status-publish","hentry"],"_links":{"self":[{"href":"https:\/\/outletcars.gmbh\/de\/wp-json\/wp\/v2\/pages\/1799","targetHints":{"allow":["GET"]}}],"collection":[{"href":"https:\/\/outletcars.gmbh\/de\/wp-json\/wp\/v2\/pages"}],"about":[{"href":"https:\/\/outletcars.gmbh\/de\/wp-json\/wp\/v2\/types\/page"}],"author":[{"embeddable":true,"href":"https:\/\/outletcars.gmbh\/de\/wp-json\/wp\/v2\/users\/1"}],"replies":[{"embeddable":true,"href":"https:\/\/outletcars.gmbh\/de\/wp-json\/wp\/v2\/comments?post=1799"}],"version-history":[{"count":38,"href":"https:\/\/outletcars.gmbh\/de\/wp-json\/wp\/v2\/pages\/1799\/revisions"}],"predecessor-version":[{"id":2220,"href":"https:\/\/outletcars.gmbh\/de\/wp-json\/wp\/v2\/pages\/1799\/revisions\/2220"}],"wp:attachment":[{"href":"https:\/\/outletcars.gmbh\/de\/wp-json\/wp\/v2\/media?parent=1799"}],"curies":[{"name":"wp","href":"https:\/\/api.w.org\/{rel}","templated":true}]}}