{"id":2353,"date":"2025-05-21T07:10:28","date_gmt":"2025-05-21T07:10:28","guid":{"rendered":"https:\/\/outletcars.gmbh\/?page_id=2353"},"modified":"2025-05-21T07:12:11","modified_gmt":"2025-05-21T07:12:11","slug":"impressum","status":"publish","type":"page","link":"https:\/\/outletcars.gmbh\/de\/impressum\/","title":{"rendered":"Impressum"},"content":{"rendered":"<div data-elementor-type=\"wp-page\" data-elementor-id=\"2353\" class=\"elementor elementor-2353\" data-elementor-post-type=\"page\">\n\t\t\t\t<div class=\"elementor-element elementor-element-86cd196 e-flex e-con-boxed e-con e-parent\" data-id=\"86cd196\" data-element_type=\"container\" data-e-type=\"container\" data-settings=\"{&quot;jet_parallax_layout_list&quot;:[]}\">\n\t\t\t\t\t<div class=\"e-con-inner\">\n\t\t\t\t<div class=\"elementor-element elementor-element-f33ff82 elementor-widget__width-inherit elementor-widget elementor-widget-heading\" data-id=\"f33ff82\" data-element_type=\"widget\" data-e-type=\"widget\" data-widget_type=\"heading.default\">\n\t\t\t\t<div class=\"elementor-widget-container\">\n\t\t\t\t\t<h1 class=\"elementor-heading-title elementor-size-default\">Impressum<\/h1>\t\t\t\t<\/div>\n\t\t\t\t<\/div>\n\t\t\t\t<div class=\"elementor-element elementor-element-37eeb28 elementor-widget elementor-widget-text-editor\" data-id=\"37eeb28\" data-element_type=\"widget\" data-e-type=\"widget\" data-widget_type=\"text-editor.default\">\n\t\t\t\t<div class=\"elementor-widget-container\">\n\t\t\t\t\t\t\t\t\t<p><!-- \/wp:paragraph --><\/p><p><!-- wp:paragraph --><\/p><p>Outlet Cars Deutschland GmbH<br \/>Hans-B\u00f6ckler-Ring 53<br \/>22851 Norderstedt<\/p><p>Sitz der Gesellschaft: Norderstedt<br \/>Rechtsform: GmbH (Gesellschaft mit beschr\u00e4nkter Haftung)<br \/>Handelsregister: Amtsgericht Kiel HRB 12439 KI<\/p><p>Gesch\u00e4ftsf\u00fchrer: Atle Lassegard<\/p><p>Ust-Id-Nr.: DE274495250<\/p><p><!-- \/wp:paragraph --><\/p><p><!-- wp:heading --><\/p><h2 class=\"wp-block-heading\">Haftungsausschluss<\/h2><p><!-- \/wp:heading --><\/p><p><!-- wp:paragraph --><\/p><p>Mit Urteil vom 12. Mai 1998 \u2013 312 O 85\/98 \u2013 \u201eHaftung f\u00fcr Links\u201chat das Landgericht (LG) Hamburg entschieden, dass man durchdie Anbringung einer Verbindung (\u201eLink\u201c), die Inhalte der gelinktenSeite ggf. mit zu verantworten hat. Dies kann \u2013 so das LG \u2013 nurdadurch verhindert werden, dass man sich ausdr\u00fccklich von diesenInhalten distanziert. Hiermit distanzieren wir uns ausdr\u00fccklich vonden Inhalten gelinkter Webseiten, die von diesen Webseiten aufrufbarsind, und machen uns diese Inhalte nicht zu eigen. DieseErkl\u00e4rung gilt f\u00fcr s\u00e4mtliche auf diesen Webseiten angebrachtenLinks. Die bereitgestellten Informationen auf diesen Webseitenwurden sorgf\u00e4ltig gepr\u00fcft und werden regelm\u00e4\u00dfig aktualisiert. Trotzder angewandten Sorgfalt k\u00f6nnen Daten sich zwischenzeitlich ver\u00e4nderthaben. Daher k\u00f6nnen wir weder eine Gew\u00e4hrleistung nocheine Haftung f\u00fcr die Richtigkeit, Vollst\u00e4ndigkeit oder Aktualit\u00e4t\u00fcbernehmen. Dies gilt insbesondere f\u00fcr die Verbindungen zu fremdenWebseiten, auf die direkt oder indirekt verwiesen wird. AlleAngaben k\u00f6nnen ohne vorherige Ank\u00fcndigung erg\u00e4nzt, entferntoder ge\u00e4ndert werden.<\/p><p><!-- \/wp:paragraph --><\/p>\t\t\t\t\t\t\t\t<\/div>\n\t\t\t\t<\/div>\n\t\t\t\t\t<\/div>\n\t\t\t\t<\/div>\n\t\t\t\t<\/div>","protected":false},"excerpt":{"rendered":"Impressum Outlet Cars Deutschland GmbHHans-B\u00f6ckler-Ring 5322851 NorderstedtSitz der Gesellschaft: NorderstedtRechtsform: GmbH (Gesellschaft mit beschr\u00e4nkter Haftung)Handelsregister: Amtsgericht Kiel HRB 12439 KIGesch\u00e4ftsf\u00fchrer: Atle LassegardUst-Id-Nr.: DE274495250HaftungsausschlussMit Urteil vom 12. Mai 1998 \u2013 312 O 85\/98 \u2013 \u201eHaftung f\u00fcr Links\u201chat das Landgericht (LG) Hamburg entschieden, dass man durchdie Anbringung einer Verbindung (\u201eLink\u201c), die Inhalte der gelinktenSeite ggf. mit zu [&hellip;]","protected":false},"author":1,"featured_media":0,"parent":0,"menu_order":0,"comment_status":"closed","ping_status":"closed","template":"elementor_header_footer","meta":{"footnotes":""},"class_list":["post-2353","page","type-page","status-publish","hentry"],"_links":{"self":[{"href":"https:\/\/outletcars.gmbh\/de\/wp-json\/wp\/v2\/pages\/2353","targetHints":{"allow":["GET"]}}],"collection":[{"href":"https:\/\/outletcars.gmbh\/de\/wp-json\/wp\/v2\/pages"}],"about":[{"href":"https:\/\/outletcars.gmbh\/de\/wp-json\/wp\/v2\/types\/page"}],"author":[{"embeddable":true,"href":"https:\/\/outletcars.gmbh\/de\/wp-json\/wp\/v2\/users\/1"}],"replies":[{"embeddable":true,"href":"https:\/\/outletcars.gmbh\/de\/wp-json\/wp\/v2\/comments?post=2353"}],"version-history":[{"count":4,"href":"https:\/\/outletcars.gmbh\/de\/wp-json\/wp\/v2\/pages\/2353\/revisions"}],"predecessor-version":[{"id":2357,"href":"https:\/\/outletcars.gmbh\/de\/wp-json\/wp\/v2\/pages\/2353\/revisions\/2357"}],"wp:attachment":[{"href":"https:\/\/outletcars.gmbh\/de\/wp-json\/wp\/v2\/media?parent=2353"}],"curies":[{"name":"wp","href":"https:\/\/api.w.org\/{rel}","templated":true}]}}